{"id":6503,"date":"2015-03-14T15:56:36","date_gmt":"2015-03-14T14:56:36","guid":{"rendered":"http:\/\/zsjarosovnn.cz\/?page_id=6503"},"modified":"2024-11-13T15:16:39","modified_gmt":"2024-11-13T14:16:39","slug":"planovane-akce","status":"publish","type":"page","link":"http:\/\/zsjarosovnn.cz\/?page_id=6503","title":{"rendered":"Pl\u00e1novan\u00e9 akce &#8211; \u010derven 2024"},"content":{"rendered":"","protected":false},"excerpt":{"rendered":"","protected":false},"author":2,"featured_media":0,"parent":0,"menu_order":0,"comment_status":"closed","ping_status":"closed","template":"","meta":{"ngg_post_thumbnail":0},"_links":{"self":[{"href":"http:\/\/zsjarosovnn.cz\/index.php?rest_route=\/wp\/v2\/pages\/6503"}],"collection":[{"href":"http:\/\/zsjarosovnn.cz\/index.php?rest_route=\/wp\/v2\/pages"}],"about":[{"href":"http:\/\/zsjarosovnn.cz\/index.php?rest_route=\/wp\/v2\/types\/page"}],"author":[{"embeddable":true,"href":"http:\/\/zsjarosovnn.cz\/index.php?rest_route=\/wp\/v2\/users\/2"}],"replies":[{"embeddable":true,"href":"http:\/\/zsjarosovnn.cz\/index.php?rest_route=%2Fwp%2Fv2%2Fcomments&post=6503"}],"version-history":[{"count":32,"href":"http:\/\/zsjarosovnn.cz\/index.php?rest_route=\/wp\/v2\/pages\/6503\/revisions"}],"predecessor-version":[{"id":51932,"href":"http:\/\/zsjarosovnn.cz\/index.php?rest_route=\/wp\/v2\/pages\/6503\/revisions\/51932"}],"wp:attachment":[{"href":"http:\/\/zsjarosovnn.cz\/index.php?rest_route=%2Fwp%2Fv2%2Fmedia&parent=6503"}],"curies":[{"name":"wp","href":"https:\/\/api.w.org\/{rel}","templated":true}]}}