{"id":8723,"date":"2015-09-22T14:52:40","date_gmt":"2015-09-22T13:52:40","guid":{"rendered":"http:\/\/zsjarosovnn.cz\/?page_id=8723"},"modified":"2015-09-22T15:09:31","modified_gmt":"2015-09-22T14:09:31","slug":"turisticky-pochod","status":"publish","type":"page","link":"http:\/\/zsjarosovnn.cz\/?page_id=8723","title":{"rendered":"Land\u0161tejn"},"content":{"rendered":"<p><a href=\"http:\/\/zsjarosovnn.cz\/wp-content\/uploads\/2015\/09\/Pochod-na-St\u00e1lkov-2015.pdf\">Pochod na Land\u0161tejn 2015<\/a><\/p>\n<p><a href=\"http:\/\/zsjarosovnn.cz\/wp-content\/uploads\/2015\/09\/P\u0159ihl\u00e1\u0161ka-na-turistick\u00fd-pochod-St\u00e1lkov-2015.pdf\">P\u0159ihl\u00e1\u0161ka<\/a><\/p>\n","protected":false},"excerpt":{"rendered":"<p>Pochod na Land\u0161tejn 2015 P\u0159ihl\u00e1\u0161ka<\/p>\n","protected":false},"author":2,"featured_media":0,"parent":0,"menu_order":0,"comment_status":"closed","ping_status":"closed","template":"","meta":{"ngg_post_thumbnail":0},"_links":{"self":[{"href":"http:\/\/zsjarosovnn.cz\/index.php?rest_route=\/wp\/v2\/pages\/8723"}],"collection":[{"href":"http:\/\/zsjarosovnn.cz\/index.php?rest_route=\/wp\/v2\/pages"}],"about":[{"href":"http:\/\/zsjarosovnn.cz\/index.php?rest_route=\/wp\/v2\/types\/page"}],"author":[{"embeddable":true,"href":"http:\/\/zsjarosovnn.cz\/index.php?rest_route=\/wp\/v2\/users\/2"}],"replies":[{"embeddable":true,"href":"http:\/\/zsjarosovnn.cz\/index.php?rest_route=%2Fwp%2Fv2%2Fcomments&post=8723"}],"version-history":[{"count":6,"href":"http:\/\/zsjarosovnn.cz\/index.php?rest_route=\/wp\/v2\/pages\/8723\/revisions"}],"predecessor-version":[{"id":8732,"href":"http:\/\/zsjarosovnn.cz\/index.php?rest_route=\/wp\/v2\/pages\/8723\/revisions\/8732"}],"wp:attachment":[{"href":"http:\/\/zsjarosovnn.cz\/index.php?rest_route=%2Fwp%2Fv2%2Fmedia&parent=8723"}],"curies":[{"name":"wp","href":"https:\/\/api.w.org\/{rel}","templated":true}]}}