{"id":1066,"date":"2014-03-06T13:33:18","date_gmt":"2014-03-06T12:33:18","guid":{"rendered":"http:\/\/zsjarosovnn.cz\/?page_id=1066"},"modified":"2016-03-02T22:09:21","modified_gmt":"2016-03-02T21:09:21","slug":"evvo","status":"publish","type":"page","link":"https:\/\/zsjarosovnn.cz\/?page_id=1066","title":{"rendered":"EVVO"},"content":{"rendered":"<p><a href=\"http:\/\/zsjarosovnn.cz\/wp-content\/uploads\/2014\/03\/Ro\u010dn\u00ed-pl\u00e1n-EVVO-2015-16.pdf\" rel=\"\">Ro\u010dn\u00ed pl\u00e1n EVVO 2015-16<\/a><\/p>\n<p><a href=\"http:\/\/zsjarosovnn.cz\/wp-content\/uploads\/2014\/03\/\u0160koln\u00ed-pl\u00e1n-environment\u00e1ln\u00ed-v\u00fdchovy-2015-2018.pdf\" rel=\"\">\u0160koln\u00ed pl\u00e1n environment\u00e1ln\u00ed v\u00fdchovy 2015 &#8211; 2018<\/a><\/p>\n","protected":false},"excerpt":{"rendered":"<p>Ro\u010dn\u00ed pl\u00e1n EVVO 2015-16 \u0160koln\u00ed pl\u00e1n environment\u00e1ln\u00ed v\u00fdchovy 2015 &#8211; 2018<\/p>\n","protected":false},"author":3,"featured_media":0,"parent":0,"menu_order":0,"comment_status":"closed","ping_status":"closed","template":"","meta":{"ngg_post_thumbnail":0},"_links":{"self":[{"href":"https:\/\/zsjarosovnn.cz\/index.php?rest_route=\/wp\/v2\/pages\/1066"}],"collection":[{"href":"https:\/\/zsjarosovnn.cz\/index.php?rest_route=\/wp\/v2\/pages"}],"about":[{"href":"https:\/\/zsjarosovnn.cz\/index.php?rest_route=\/wp\/v2\/types\/page"}],"author":[{"embeddable":true,"href":"https:\/\/zsjarosovnn.cz\/index.php?rest_route=\/wp\/v2\/users\/3"}],"replies":[{"embeddable":true,"href":"https:\/\/zsjarosovnn.cz\/index.php?rest_route=%2Fwp%2Fv2%2Fcomments&post=1066"}],"version-history":[{"count":3,"href":"https:\/\/zsjarosovnn.cz\/index.php?rest_route=\/wp\/v2\/pages\/1066\/revisions"}],"predecessor-version":[{"id":10478,"href":"https:\/\/zsjarosovnn.cz\/index.php?rest_route=\/wp\/v2\/pages\/1066\/revisions\/10478"}],"wp:attachment":[{"href":"https:\/\/zsjarosovnn.cz\/index.php?rest_route=%2Fwp%2Fv2%2Fmedia&parent=1066"}],"curies":[{"name":"wp","href":"https:\/\/api.w.org\/{rel}","templated":true}]}}