{"id":1068,"date":"2014-03-06T13:38:05","date_gmt":"2014-03-06T12:38:05","guid":{"rendered":"http:\/\/zsjarosovnn.cz\/?page_id=1068"},"modified":"2016-12-12T22:32:05","modified_gmt":"2016-12-12T21:32:05","slug":"evvo-ms","status":"publish","type":"page","link":"https:\/\/zsjarosovnn.cz\/?page_id=1068","title":{"rendered":"EVVO M\u0160"},"content":{"rendered":"<p>\u0160koln\u00ed rok 2016\/2017<\/p>\n<p><a href=\"http:\/\/zsjarosovnn.cz\/?page_id=4313\">Projektov\u00e9 dny: Lesn\u00ed den v M\u0160 Jaro\u0161ov nad Ne\u017e\u00e1rkou<\/a><\/p>\n","protected":false},"excerpt":{"rendered":"<p>\u0160koln\u00ed rok 2016\/2017 Projektov\u00e9 dny: Lesn\u00ed den v M\u0160 Jaro\u0161ov nad Ne\u017e\u00e1rkou<\/p>\n","protected":false},"author":3,"featured_media":0,"parent":0,"menu_order":0,"comment_status":"closed","ping_status":"closed","template":"","meta":{"ngg_post_thumbnail":0},"_links":{"self":[{"href":"https:\/\/zsjarosovnn.cz\/index.php?rest_route=\/wp\/v2\/pages\/1068"}],"collection":[{"href":"https:\/\/zsjarosovnn.cz\/index.php?rest_route=\/wp\/v2\/pages"}],"about":[{"href":"https:\/\/zsjarosovnn.cz\/index.php?rest_route=\/wp\/v2\/types\/page"}],"author":[{"embeddable":true,"href":"https:\/\/zsjarosovnn.cz\/index.php?rest_route=\/wp\/v2\/users\/3"}],"replies":[{"embeddable":true,"href":"https:\/\/zsjarosovnn.cz\/index.php?rest_route=%2Fwp%2Fv2%2Fcomments&post=1068"}],"version-history":[{"count":4,"href":"https:\/\/zsjarosovnn.cz\/index.php?rest_route=\/wp\/v2\/pages\/1068\/revisions"}],"predecessor-version":[{"id":13388,"href":"https:\/\/zsjarosovnn.cz\/index.php?rest_route=\/wp\/v2\/pages\/1068\/revisions\/13388"}],"wp:attachment":[{"href":"https:\/\/zsjarosovnn.cz\/index.php?rest_route=%2Fwp%2Fv2%2Fmedia&parent=1068"}],"curies":[{"name":"wp","href":"https:\/\/api.w.org\/{rel}","templated":true}]}}