{"id":136,"date":"2013-11-07T22:45:01","date_gmt":"2013-11-07T21:45:01","guid":{"rendered":"http:\/\/zsjarosovnn.cz\/?page_id=136"},"modified":"2025-08-28T17:58:05","modified_gmt":"2025-08-28T16:58:05","slug":"dokumenty-4","status":"publish","type":"page","link":"https:\/\/zsjarosovnn.cz\/?page_id=136","title":{"rendered":"Dokumenty M\u0160"},"content":{"rendered":"<p><a href=\"http:\/\/zsjarosovnn.cz\/wp-content\/uploads\/2025\/08\/Skolni-vzdelavaci-program.pdf\">\u0160koln\u00ed vzd\u011bl\u00e1vac\u00ed program<\/a><\/p>\n<p><a href=\"http:\/\/zsjarosovnn.cz\/wp-content\/uploads\/2025\/08\/Skolni-rad.pdf\">\u0160koln\u00ed \u0159\u00e1d<\/a><\/p>\n","protected":false},"excerpt":{"rendered":"<p>\u0160koln\u00ed vzd\u011bl\u00e1vac\u00ed program \u0160koln\u00ed \u0159\u00e1d<\/p>\n","protected":false},"author":2,"featured_media":0,"parent":0,"menu_order":4,"comment_status":"closed","ping_status":"closed","template":"","meta":{"ngg_post_thumbnail":0},"_links":{"self":[{"href":"https:\/\/zsjarosovnn.cz\/index.php?rest_route=\/wp\/v2\/pages\/136"}],"collection":[{"href":"https:\/\/zsjarosovnn.cz\/index.php?rest_route=\/wp\/v2\/pages"}],"about":[{"href":"https:\/\/zsjarosovnn.cz\/index.php?rest_route=\/wp\/v2\/types\/page"}],"author":[{"embeddable":true,"href":"https:\/\/zsjarosovnn.cz\/index.php?rest_route=\/wp\/v2\/users\/2"}],"replies":[{"embeddable":true,"href":"https:\/\/zsjarosovnn.cz\/index.php?rest_route=%2Fwp%2Fv2%2Fcomments&post=136"}],"version-history":[{"count":25,"href":"https:\/\/zsjarosovnn.cz\/index.php?rest_route=\/wp\/v2\/pages\/136\/revisions"}],"predecessor-version":[{"id":57545,"href":"https:\/\/zsjarosovnn.cz\/index.php?rest_route=\/wp\/v2\/pages\/136\/revisions\/57545"}],"wp:attachment":[{"href":"https:\/\/zsjarosovnn.cz\/index.php?rest_route=%2Fwp%2Fv2%2Fmedia&parent=136"}],"curies":[{"name":"wp","href":"https:\/\/api.w.org\/{rel}","templated":true}]}}