{"id":145,"date":"2013-11-07T22:56:50","date_gmt":"2013-11-07T21:56:50","guid":{"rendered":"http:\/\/zsjarosovnn.cz\/?page_id=145"},"modified":"2014-04-10T16:06:25","modified_gmt":"2014-04-10T15:06:25","slug":"skolni-zahrada","status":"publish","type":"page","link":"https:\/\/zsjarosovnn.cz\/?page_id=145","title":{"rendered":"\u0160koln\u00ed zahrada"},"content":{"rendered":"<p style=\"text-align: justify;\">Na \u0161koln\u00ed zahrad\u011b prob\u00edhaj\u00ed v\u00a0sou\u010dasn\u00e9 dob\u011b \u00fapravy a pr\u00e1ce, jejich\u017e c\u00edlem je vybudov\u00e1n\u00ed <b>zahrady v\u00a0p\u0159\u00edrodn\u00edm stylu a z\u00e1rove\u0148 u\u010debny pod \u0161ir\u00fdm nebem.<\/b> To znamen\u00e1, \u017ee se sna\u017e\u00edme vytvo\u0159it co nejrozmanit\u011bj\u0161\u00ed\u00a0 a pestr\u00e9 spole\u010denstvo rostlin, kter\u00e9 bude nejen poskytovat u\u017eitek a mo\u017enost pozorov\u00e1n\u00ed r\u016fstu a zm\u011bn b\u011bhem roku, ale p\u0159il\u00e1k\u00e1 i r\u016fzn\u00e9 druhy \u017eivo\u010dich\u016f. T\u00edm se vytvo\u0159\u00ed vyv\u00e1\u017een\u00e9 a p\u0159irozen\u00e9 prost\u0159ed\u00ed, p\u0159ipom\u00ednaj\u00edc\u00ed samotnou p\u0159\u00edrodu. Z\u00e1rove\u0148 chceme dodr\u017eovat t\u0159i hlavn\u00ed z\u00e1sady, kter\u00e9 by p\u0159\u00edrodn\u00ed zahrada\u00a0 m\u011bla spl\u0148ovat \u2013 nepou\u017e\u00edvat ke zlep\u0161ov\u00e1n\u00ed p\u016fdy ra\u0161elinu (je to vy\u010derpateln\u00fd zdroj), \u00a0pesticidy a lehce rozpustn\u00e1 miner\u00e1ln\u00ed hnojiva.<\/p>\n<p style=\"text-align: justify;\">Nyn\u00ed dokon\u010dujeme <b>projekt \u0160koln\u00ed p\u0159\u00edrodn\u00ed zahrada \u2013 1. etapa<\/b>, na kter\u00fd jsme z\u00edskali finan\u010dn\u00ed prost\u0159edky z\u00a0Revolvingov\u00e9ho fondu Ministerstva \u017eivotn\u00edho prost\u0159ed\u00ed.\u00a0 Realizace projektu bude ukon\u010dena letos v\u00a0kv\u011btnu.\u00a0 Ze z\u00edskan\u00fdch prost\u0159edk\u016f jsme vloni v dubnu p\u0159i ve\u0159ejn\u00e9 oslav\u011b Dne Zem\u011b vys\u00e1zeli za pomoci rodi\u010d\u016f, \u017e\u00e1k\u016f \u0161koly i ve\u0159ejnosti ovocn\u00e9 stromy do star\u00e9ho sadu, o\u0159e\u0161\u00e1ky, l\u00edsky, jedl\u00e9 je\u0159\u00e1by a n\u011bkolik jehli\u010dnat\u00fdch strom\u016f do tzv. divok\u00e9ho koutku.\u00a0 Tak\u00e9 bylo nakoupeno n\u00e1\u0159ad\u00ed pro pr\u00e1ci na zahrad\u011b. Zalo\u017eili jsme z\u00e1hon ryb\u00edz\u016f, angre\u0161t\u016f, bor\u016fvek a dal\u0161\u00edch ke\u0159\u016f s\u00a0jedl\u00fdmi plody. P\u0159ibyly \u00fakryty a p\u0159\u00edbytky pro drobn\u00e9 \u017eivo\u010dichy a hmyz. \u010clenov\u00e9 hasi\u010dsk\u00e9ho krou\u017eku pomohli s\u00a0rozv\u011b\u0161ov\u00e1n\u00ed m pta\u010d\u00edch budek na stromy v\u00a0zahrad\u011b. Po\u0159\u00edzeny byly nov\u00e9 lavi\u010dky a ohni\u0161t\u011b. V\u00a0z\u00e1v\u011bru projektu bude vysazen mal\u00fd vinohrad a um\u00edst\u011bna p\u0159\u00edrodn\u00ed ch\u00fd\u0161e ur\u010den\u00e1 na hry d\u011bt\u00ed.<\/p>\n<p style=\"text-align: justify;\">Na\u0161e \u0161koln\u00ed zahrada pomalu za\u010d\u00edn\u00e1 spl\u0148ovat\u00a0 p\u0159edstavu o tom, jak by p\u0159\u00edrodn\u00ed zahrada mohla vypadat. M\u00e1me radost z\u00a0kr\u00e1sn\u00e9 bylinkov\u00e9 spir\u00e1ly a \u201eBabi\u010d\u010dina trvalkov\u00e9ho z\u00e1honu\u201c, kter\u00e9 se po dvou letech od zalo\u017een\u00ed maj\u00ed \u010dile k\u00a0sv\u011btu. Da\u0159\u00ed se i okrasn\u00fdm je\u0159\u00e1b\u016fm a \u017eiv\u00e9mu plotu u vstupu do \u0161koly.<\/p>\n<p style=\"text-align: justify;\">Takto vybudovanou zahradu bychom v\u00a0maxim\u00e1ln\u00ed m\u00ed\u0159e cht\u011bli vyu\u017e\u00edvat k\u00a0u\u010den\u00ed d\u011bt\u00ed o p\u0159\u00edrod\u011b p\u0159\u00edmo v\u00a0p\u0159\u00edrod\u011b. Na p\u0159\u00edrodn\u00edch re\u00e1li\u00edch, kter\u00e9 budou m\u00edt d\u011bti p\u011bkn\u011b \u201e po ruce\u201c, sn\u00e1ze pochop\u00ed souvislosti, kter\u00e9 se v\u00a0p\u0159\u00edrod\u011b d\u011bj\u00ed.\u00a0 Z\u00e1rove\u0148 budeme v\u00e9st d\u011bti k\u00a0zodpov\u011bdnosti a p\u00e9\u010di o \u017eivot na zahrad\u011b. V\u011b\u0159\u00edme, \u017ee zahrada bude trvale udr\u017eiteln\u00e1.<\/p>\n","protected":false},"excerpt":{"rendered":"<p>Na \u0161koln\u00ed zahrad\u011b prob\u00edhaj\u00ed v\u00a0sou\u010dasn\u00e9 dob\u011b \u00fapravy a pr\u00e1ce, jejich\u017e c\u00edlem je vybudov\u00e1n\u00ed zahrady v\u00a0p\u0159\u00edrodn\u00edm stylu a z\u00e1rove\u0148 u\u010debny pod \u0161ir\u00fdm nebem. To znamen\u00e1, \u017ee se sna\u017e\u00edme vytvo\u0159it co nejrozmanit\u011bj\u0161\u00ed\u00a0 a pestr\u00e9 spole\u010denstvo rostlin, kter\u00e9 bude nejen poskytovat u\u017eitek a mo\u017enost pozorov\u00e1n\u00ed r\u016fstu a zm\u011bn b\u011bhem roku, ale p\u0159il\u00e1k\u00e1 i r\u016fzn\u00e9 druhy \u017eivo\u010dich\u016f. T\u00edm se<span class=\"more-excerpt\"><a class=\"more-excerpt-link\" href=\"https:\/\/zsjarosovnn.cz\/?page_id=145\"> (continue reading&#8230;)  <\/a><\/span><\/p>\n","protected":false},"author":2,"featured_media":0,"parent":1066,"menu_order":7,"comment_status":"closed","ping_status":"closed","template":"","meta":{"ngg_post_thumbnail":0},"_links":{"self":[{"href":"https:\/\/zsjarosovnn.cz\/index.php?rest_route=\/wp\/v2\/pages\/145"}],"collection":[{"href":"https:\/\/zsjarosovnn.cz\/index.php?rest_route=\/wp\/v2\/pages"}],"about":[{"href":"https:\/\/zsjarosovnn.cz\/index.php?rest_route=\/wp\/v2\/types\/page"}],"author":[{"embeddable":true,"href":"https:\/\/zsjarosovnn.cz\/index.php?rest_route=\/wp\/v2\/users\/2"}],"replies":[{"embeddable":true,"href":"https:\/\/zsjarosovnn.cz\/index.php?rest_route=%2Fwp%2Fv2%2Fcomments&post=145"}],"version-history":[{"count":4,"href":"https:\/\/zsjarosovnn.cz\/index.php?rest_route=\/wp\/v2\/pages\/145\/revisions"}],"predecessor-version":[{"id":2541,"href":"https:\/\/zsjarosovnn.cz\/index.php?rest_route=\/wp\/v2\/pages\/145\/revisions\/2541"}],"up":[{"embeddable":true,"href":"https:\/\/zsjarosovnn.cz\/index.php?rest_route=\/wp\/v2\/pages\/1066"}],"wp:attachment":[{"href":"https:\/\/zsjarosovnn.cz\/index.php?rest_route=%2Fwp%2Fv2%2Fmedia&parent=145"}],"curies":[{"name":"wp","href":"https:\/\/api.w.org\/{rel}","templated":true}]}}