{"id":188,"date":"2013-11-14T19:12:17","date_gmt":"2013-11-14T18:12:17","guid":{"rendered":"http:\/\/zsjarosovnn.cz\/?page_id=188"},"modified":"2014-06-15T22:01:36","modified_gmt":"2014-06-15T21:01:36","slug":"projekty","status":"publish","type":"page","link":"https:\/\/zsjarosovnn.cz\/?page_id=188","title":{"rendered":"Projekty"},"content":{"rendered":"<p><strong>Projekty uskute\u010dn\u011bn\u00e9 ve \u0161koln\u00edm roce 2013\/2014 <\/strong><\/p>\n<p><a href=\"http:\/\/zsjarosovnn.cz\/?p=2338\">Ukli\u010fme sv\u011bt!<\/a><\/p>\n<p><a href=\"http:\/\/zsjarosovnn.cz\/?p=1566\">\u010cert\u00ed \u0161kola<\/a><\/p>\n<p><a href=\"http:\/\/zsjarosovnn.cz\/?p=1416\">Slavnosti Slabik\u00e1\u0159e<\/a><\/p>\n<p><a href=\"http:\/\/zsjarosovnn.cz\/?p=1459\">Slavnosti Slabik\u00e1\u0159e s rodi\u010di<\/a><\/p>\n<p><a href=\"http:\/\/zsjarosovnn.cz\/?p=1175\">Staro\u010desk\u00e9 potk\u00e1v\u00e1n\u00ed v Jaro\u0161ov\u011b nad Ne\u017e\u00e1rkou<\/a><\/p>\n<p>&nbsp;<\/p>\n<p>&nbsp;<\/p>\n<p>&nbsp;<\/p>\n<p><strong>Celoro\u010dn\u00ed projekt 2014:<\/strong><\/p>\n<p><a href=\"http:\/\/zsjarosovnn.cz\/wp-content\/uploads\/2013\/11\/Stromysk\u0159eti-d\u0159ev\u00e1ci.pdf\">Stromy,sk\u0159eti, d\u0159ev\u00e1ci<\/a><\/p>\n<p><a href=\"http:\/\/zsjarosovnn.cz\/wp-content\/uploads\/2013\/11\/Leden.pdf\">Leden<\/a><\/p>\n<p><a href=\"http:\/\/zsjarosovnn.cz\/?p=2121\"><img decoding=\"async\" loading=\"lazy\" class=\"alignnone  wp-image-2113\" alt=\"Veverka2\" src=\"http:\/\/zsjarosovnn.cz\/wp-content\/uploads\/2014\/04\/Veverka2.jpg\" width=\"150\" height=\"150\" \/><\/a><\/p>\n<p><a href=\"http:\/\/zsjarosovnn.cz\/wp-content\/uploads\/2013\/11\/\u00danor.pdf\">\u00danor<\/a><\/p>\n<p><a href=\"http:\/\/zsjarosovnn.cz\/?p=2145\"><img decoding=\"async\" loading=\"lazy\" class=\"alignnone  wp-image-2138\" alt=\"IMG_0022\" src=\"http:\/\/zsjarosovnn.cz\/wp-content\/uploads\/2014\/04\/IMG_0022.jpg\" width=\"150\" height=\"150\" \/><\/a><\/p>\n<p><a href=\"http:\/\/zsjarosovnn.cz\/wp-content\/uploads\/2014\/04\/B\u0159ezen.pdf\">B\u0159ezen<\/a><\/p>\n<p><a href=\"http:\/\/zsjarosovnn.cz\/?p=3378\">Duben<\/a><\/p>\n<p><a href=\"http:\/\/zsjarosovnn.cz\/?p=3378\"><img decoding=\"async\" title=\"\" alt=\"IMG_0787\" src=\"http:\/\/zsjarosovnn.cz\/wp-content\/uploads\/2014\/05\/IMG_0787-150x150.jpg\" \/><\/a><\/p>\n<p><a href=\"http:\/\/zsjarosovnn.cz\/?p=3347\"><span style=\"text-decoration: underline;\">Kv\u011bten<\/span><\/a><\/p>\n<p><a href=\"http:\/\/zsjarosovnn.cz\/?p=3347\"><img decoding=\"async\" title=\"\" alt=\"IMG_0898\" src=\"http:\/\/zsjarosovnn.cz\/wp-content\/uploads\/2014\/05\/IMG_0898-150x150.jpg\" \/><\/a><\/p>\n","protected":false},"excerpt":{"rendered":"<p>Projekty uskute\u010dn\u011bn\u00e9 ve \u0161koln\u00edm roce 2013\/2014 Ukli\u010fme sv\u011bt! \u010cert\u00ed \u0161kola Slavnosti Slabik\u00e1\u0159e Slavnosti Slabik\u00e1\u0159e s rodi\u010di Staro\u010desk\u00e9 potk\u00e1v\u00e1n\u00ed v Jaro\u0161ov\u011b nad Ne\u017e\u00e1rkou &nbsp; &nbsp; &nbsp; Celoro\u010dn\u00ed projekt 2014: Stromy,sk\u0159eti, d\u0159ev\u00e1ci Leden \u00danor B\u0159ezen Duben Kv\u011bten<\/p>\n","protected":false},"author":2,"featured_media":0,"parent":0,"menu_order":16,"comment_status":"closed","ping_status":"closed","template":"","meta":{"ngg_post_thumbnail":0},"_links":{"self":[{"href":"https:\/\/zsjarosovnn.cz\/index.php?rest_route=\/wp\/v2\/pages\/188"}],"collection":[{"href":"https:\/\/zsjarosovnn.cz\/index.php?rest_route=\/wp\/v2\/pages"}],"about":[{"href":"https:\/\/zsjarosovnn.cz\/index.php?rest_route=\/wp\/v2\/types\/page"}],"author":[{"embeddable":true,"href":"https:\/\/zsjarosovnn.cz\/index.php?rest_route=\/wp\/v2\/users\/2"}],"replies":[{"embeddable":true,"href":"https:\/\/zsjarosovnn.cz\/index.php?rest_route=%2Fwp%2Fv2%2Fcomments&post=188"}],"version-history":[{"count":31,"href":"https:\/\/zsjarosovnn.cz\/index.php?rest_route=\/wp\/v2\/pages\/188\/revisions"}],"predecessor-version":[{"id":4007,"href":"https:\/\/zsjarosovnn.cz\/index.php?rest_route=\/wp\/v2\/pages\/188\/revisions\/4007"}],"wp:attachment":[{"href":"https:\/\/zsjarosovnn.cz\/index.php?rest_route=%2Fwp%2Fv2%2Fmedia&parent=188"}],"curies":[{"name":"wp","href":"https:\/\/api.w.org\/{rel}","templated":true}]}}