{"id":21551,"date":"2018-12-18T18:58:37","date_gmt":"2018-12-18T17:58:37","guid":{"rendered":"http:\/\/zsjarosovnn.cz\/?page_id=21551"},"modified":"2025-12-17T12:42:01","modified_gmt":"2025-12-17T11:42:01","slug":"strednedoby-vyhled-rozpoctu-2019-2021","status":"publish","type":"page","link":"https:\/\/zsjarosovnn.cz\/?page_id=21551","title":{"rendered":"Rozpo\u010det na rok 2026"},"content":{"rendered":"<p><a href=\"http:\/\/zsjarosovnn.cz\/wp-content\/uploads\/2025\/12\/NAVRH-ROZPOCTU-2026.pdf\">N\u00c1VRH ROZPO\u010cTU 2026<\/a><\/p>\n<p><a href=\"http:\/\/zsjarosovnn.cz\/wp-content\/uploads\/2025\/12\/Vyhled-2026-2028.pdf\">V\u00fdhled 2026-2028<\/a><\/p>\n<p>&nbsp;<\/p>\n<p>zve\u0159ejn\u011bno 1. 12. 2025<\/p>\n","protected":false},"excerpt":{"rendered":"<p>N\u00c1VRH ROZPO\u010cTU 2026 V\u00fdhled 2026-2028 &nbsp; zve\u0159ejn\u011bno 1. 12. 2025<\/p>\n","protected":false},"author":2,"featured_media":0,"parent":0,"menu_order":0,"comment_status":"closed","ping_status":"closed","template":"","meta":{"ngg_post_thumbnail":0},"_links":{"self":[{"href":"https:\/\/zsjarosovnn.cz\/index.php?rest_route=\/wp\/v2\/pages\/21551"}],"collection":[{"href":"https:\/\/zsjarosovnn.cz\/index.php?rest_route=\/wp\/v2\/pages"}],"about":[{"href":"https:\/\/zsjarosovnn.cz\/index.php?rest_route=\/wp\/v2\/types\/page"}],"author":[{"embeddable":true,"href":"https:\/\/zsjarosovnn.cz\/index.php?rest_route=\/wp\/v2\/users\/2"}],"replies":[{"embeddable":true,"href":"https:\/\/zsjarosovnn.cz\/index.php?rest_route=%2Fwp%2Fv2%2Fcomments&post=21551"}],"version-history":[{"count":17,"href":"https:\/\/zsjarosovnn.cz\/index.php?rest_route=\/wp\/v2\/pages\/21551\/revisions"}],"predecessor-version":[{"id":59668,"href":"https:\/\/zsjarosovnn.cz\/index.php?rest_route=\/wp\/v2\/pages\/21551\/revisions\/59668"}],"wp:attachment":[{"href":"https:\/\/zsjarosovnn.cz\/index.php?rest_route=%2Fwp%2Fv2%2Fmedia&parent=21551"}],"curies":[{"name":"wp","href":"https:\/\/api.w.org\/{rel}","templated":true}]}}