{"id":2558,"date":"2014-04-10T17:29:07","date_gmt":"2014-04-10T16:29:07","guid":{"rendered":"http:\/\/zsjarosovnn.cz\/?page_id=2558"},"modified":"2024-08-15T14:08:33","modified_gmt":"2024-08-15T13:08:33","slug":"zamestnanci","status":"publish","type":"page","link":"https:\/\/zsjarosovnn.cz\/?page_id=2558","title":{"rendered":"Zam\u011bstnanci"},"content":{"rendered":"<p><strong>Kucha\u0159ky<\/strong><\/p>\n<p>Pavla Sejrkov\u00e1<\/p>\n<p>Lenka Ku\u010derov\u00e1<\/p>\n<p>Jana Bart\u016f\u0161kov\u00e1<\/p>\n<p>&nbsp;<\/p>\n<p><strong>Hospod\u00e1\u0159ka \u0161koly<\/strong><\/p>\n<p>Jana Bart\u016f\u0161kov\u00e1<\/p>\n","protected":false},"excerpt":{"rendered":"<p>Kucha\u0159ky Pavla Sejrkov\u00e1 Lenka Ku\u010derov\u00e1 Jana Bart\u016f\u0161kov\u00e1 &nbsp; Hospod\u00e1\u0159ka \u0161koly Jana Bart\u016f\u0161kov\u00e1<\/p>\n","protected":false},"author":2,"featured_media":0,"parent":0,"menu_order":0,"comment_status":"closed","ping_status":"closed","template":"","meta":{"ngg_post_thumbnail":0},"_links":{"self":[{"href":"https:\/\/zsjarosovnn.cz\/index.php?rest_route=\/wp\/v2\/pages\/2558"}],"collection":[{"href":"https:\/\/zsjarosovnn.cz\/index.php?rest_route=\/wp\/v2\/pages"}],"about":[{"href":"https:\/\/zsjarosovnn.cz\/index.php?rest_route=\/wp\/v2\/types\/page"}],"author":[{"embeddable":true,"href":"https:\/\/zsjarosovnn.cz\/index.php?rest_route=\/wp\/v2\/users\/2"}],"replies":[{"embeddable":true,"href":"https:\/\/zsjarosovnn.cz\/index.php?rest_route=%2Fwp%2Fv2%2Fcomments&post=2558"}],"version-history":[{"count":2,"href":"https:\/\/zsjarosovnn.cz\/index.php?rest_route=\/wp\/v2\/pages\/2558\/revisions"}],"predecessor-version":[{"id":2561,"href":"https:\/\/zsjarosovnn.cz\/index.php?rest_route=\/wp\/v2\/pages\/2558\/revisions\/2561"}],"wp:attachment":[{"href":"https:\/\/zsjarosovnn.cz\/index.php?rest_route=%2Fwp%2Fv2%2Fmedia&parent=2558"}],"curies":[{"name":"wp","href":"https:\/\/api.w.org\/{rel}","templated":true}]}}