{"id":327,"date":"2013-12-01T21:54:02","date_gmt":"2013-12-01T20:54:02","guid":{"rendered":"http:\/\/zsjarosovnn.cz\/?page_id=327"},"modified":"2024-04-10T11:47:37","modified_gmt":"2024-04-10T10:47:37","slug":"kontakty","status":"publish","type":"page","link":"https:\/\/zsjarosovnn.cz\/?page_id=327","title":{"rendered":"Kontakty"},"content":{"rendered":"<p><strong>Z\u00e1kladn\u00ed \u0161kola a Mate\u0159sk\u00e1 \u0161kola Jaro\u0161ov nad Ne\u017e\u00e1rkou<\/strong><\/p>\n<p>Jaro\u0161ov nad Ne\u017e\u00e1rkou 136<br \/>\n378 41 Jaro\u0161ov nad Ne\u017e\u00e1rkou<\/p>\n<p>I\u010cO: 70985111<\/p>\n<p><strong>Telefon: 725 324 460<\/strong><\/p>\n<p><strong>\u010d.\u00fa.:<\/strong>&nbsp; <b>604&nbsp;244&nbsp;399\/0800<\/b><\/p>\n<p><b>&nbsp;Datov\u00e1 schr\u00e1nka<\/b>: 6z4maua<\/p>\n<p>&nbsp;<\/p>\n<p>\u0158editelka: Mgr. Martina Pl\u00e1\u0161ilov\u00e1<br \/>\nE-mail: skola@zsjarosovnn.cz<\/p>\n<p>&nbsp;<\/p>\n<p><strong>Mate\u0159sk\u00e1 \u0161kola&nbsp;<\/strong><\/p>\n<p><strong>Telefon t\u0159\u00edda Mot\u00fdlci:&nbsp;725 978 225<\/strong><\/p>\n<p>(na tomto \u010d\u00edsle prob\u00edh\u00e1 odhla\u0161ov\u00e1n\u00ed d\u011bt\u00ed do 7 h.)<\/p>\n<p><strong>Telefon t\u0159\u00edda Brou\u010dci: 725 978 228<\/strong><\/p>\n<p>E-mail: ms.jarosov@email.cz<\/p>\n<p>&nbsp;<\/p>\n<p><strong>\u0160koln\u00ed j\u00eddelna<\/strong><\/p>\n<p>Telefon: 702&nbsp;045 288<\/p>\n<p>&nbsp;<\/p>\n","protected":false},"excerpt":{"rendered":"<p>Z\u00e1kladn\u00ed \u0161kola a Mate\u0159sk\u00e1 \u0161kola Jaro\u0161ov nad Ne\u017e\u00e1rkou Jaro\u0161ov nad Ne\u017e\u00e1rkou 136 378 41 Jaro\u0161ov nad Ne\u017e\u00e1rkou I\u010cO: 70985111 Telefon: 725 324 460 \u010d.\u00fa.:&nbsp; 604&nbsp;244&nbsp;399\/0800 &nbsp;Datov\u00e1 schr\u00e1nka: 6z4maua &nbsp; \u0158editelka: Mgr. Martina Pl\u00e1\u0161ilov\u00e1 E-mail: skola@zsjarosovnn.cz &nbsp; Mate\u0159sk\u00e1 \u0161kola&nbsp; Telefon t\u0159\u00edda Mot\u00fdlci:&nbsp;725 978 225 (na tomto \u010d\u00edsle prob\u00edh\u00e1 odhla\u0161ov\u00e1n\u00ed d\u011bt\u00ed do 7 h.) Telefon t\u0159\u00edda Brou\u010dci:<span class=\"more-excerpt\"><a class=\"more-excerpt-link\" href=\"https:\/\/zsjarosovnn.cz\/?page_id=327\"> (continue reading&#8230;)  <\/a><\/span><\/p>\n","protected":false},"author":2,"featured_media":0,"parent":0,"menu_order":0,"comment_status":"closed","ping_status":"closed","template":"","meta":{"ngg_post_thumbnail":0},"_links":{"self":[{"href":"https:\/\/zsjarosovnn.cz\/index.php?rest_route=\/wp\/v2\/pages\/327"}],"collection":[{"href":"https:\/\/zsjarosovnn.cz\/index.php?rest_route=\/wp\/v2\/pages"}],"about":[{"href":"https:\/\/zsjarosovnn.cz\/index.php?rest_route=\/wp\/v2\/types\/page"}],"author":[{"embeddable":true,"href":"https:\/\/zsjarosovnn.cz\/index.php?rest_route=\/wp\/v2\/users\/2"}],"replies":[{"embeddable":true,"href":"https:\/\/zsjarosovnn.cz\/index.php?rest_route=%2Fwp%2Fv2%2Fcomments&post=327"}],"version-history":[{"count":16,"href":"https:\/\/zsjarosovnn.cz\/index.php?rest_route=\/wp\/v2\/pages\/327\/revisions"}],"predecessor-version":[{"id":47289,"href":"https:\/\/zsjarosovnn.cz\/index.php?rest_route=\/wp\/v2\/pages\/327\/revisions\/47289"}],"wp:attachment":[{"href":"https:\/\/zsjarosovnn.cz\/index.php?rest_route=%2Fwp%2Fv2%2Fmedia&parent=327"}],"curies":[{"name":"wp","href":"https:\/\/api.w.org\/{rel}","templated":true}]}}