{"id":4461,"date":"2014-09-09T18:14:42","date_gmt":"2014-09-09T17:14:42","guid":{"rendered":"http:\/\/zsjarosovnn.cz\/?page_id=4461"},"modified":"2025-08-26T14:56:30","modified_gmt":"2025-08-26T13:56:30","slug":"organizace-skolniho-roku-20142015","status":"publish","type":"page","link":"https:\/\/zsjarosovnn.cz\/?page_id=4461","title":{"rendered":"Rozvrh, organizace \u0161koln\u00edho roku 2025\/2026"},"content":{"rendered":"<p><a href=\"http:\/\/zsjarosovnn.cz\/wp-content\/uploads\/2025\/08\/Rozvrh-hodin-pro-1.-rocnik.pdf\">Rozvrh hodin pro 1. ro\u010dn\u00edk<\/a><\/p>\n<p><a href=\"http:\/\/zsjarosovnn.cz\/wp-content\/uploads\/2025\/08\/Rozvrh-hodin-pro-2.-rocnik.pdf\">Rozvrh hodin pro 2. ro\u010dn\u00edk<\/a><\/p>\n<p><a href=\"http:\/\/zsjarosovnn.cz\/wp-content\/uploads\/2025\/08\/Rozvrh-hodin-pro-3.-rocnik.pdf\">Rozvrh hodin pro 3. ro\u010dn\u00edk<\/a><\/p>\n<p><a href=\"http:\/\/zsjarosovnn.cz\/wp-content\/uploads\/2025\/08\/Rozvrh-hodin-pro-4.-rocnik-1.pdf\">Rozvrh hodin pro 4. ro\u010dn\u00edk<\/a><\/p>\n<p><a href=\"http:\/\/zsjarosovnn.cz\/wp-content\/uploads\/2025\/08\/Rozvrh-hodin-pro-5.-rocnik-2.pdf\">Rozvrh hodin pro 5. ro\u010dn\u00edk<\/a><\/p>\n<p>&nbsp;<\/p>\n<p><a href=\"http:\/\/zsjarosovnn.cz\/wp-content\/uploads\/2025\/08\/Pomucky-pro-2.-5.-rocnik.pdf\">Seznam pom\u016fcek pro 2. &#8211; 5. ro\u010dn\u00edk<\/a><\/p>\n<p><a href=\"http:\/\/zsjarosovnn.cz\/wp-content\/uploads\/2025\/08\/Organizace-skolniho-roku-2025-2026.pdf\">Organizace \u0161koln\u00edho roku 2025-2026<\/a><\/p>\n","protected":false},"excerpt":{"rendered":"<p>Rozvrh hodin pro 1. ro\u010dn\u00edk Rozvrh hodin pro 2. ro\u010dn\u00edk Rozvrh hodin pro 3. ro\u010dn\u00edk Rozvrh hodin pro 4. ro\u010dn\u00edk Rozvrh hodin pro 5. ro\u010dn\u00edk &nbsp; Seznam pom\u016fcek pro 2. &#8211; 5. ro\u010dn\u00edk Organizace \u0161koln\u00edho roku 2025-2026<\/p>\n","protected":false},"author":2,"featured_media":0,"parent":0,"menu_order":0,"comment_status":"closed","ping_status":"closed","template":"","meta":{"ngg_post_thumbnail":0},"_links":{"self":[{"href":"https:\/\/zsjarosovnn.cz\/index.php?rest_route=\/wp\/v2\/pages\/4461"}],"collection":[{"href":"https:\/\/zsjarosovnn.cz\/index.php?rest_route=\/wp\/v2\/pages"}],"about":[{"href":"https:\/\/zsjarosovnn.cz\/index.php?rest_route=\/wp\/v2\/types\/page"}],"author":[{"embeddable":true,"href":"https:\/\/zsjarosovnn.cz\/index.php?rest_route=\/wp\/v2\/users\/2"}],"replies":[{"embeddable":true,"href":"https:\/\/zsjarosovnn.cz\/index.php?rest_route=%2Fwp%2Fv2%2Fcomments&post=4461"}],"version-history":[{"count":38,"href":"https:\/\/zsjarosovnn.cz\/index.php?rest_route=\/wp\/v2\/pages\/4461\/revisions"}],"predecessor-version":[{"id":57542,"href":"https:\/\/zsjarosovnn.cz\/index.php?rest_route=\/wp\/v2\/pages\/4461\/revisions\/57542"}],"wp:attachment":[{"href":"https:\/\/zsjarosovnn.cz\/index.php?rest_route=%2Fwp%2Fv2%2Fmedia&parent=4461"}],"curies":[{"name":"wp","href":"https:\/\/api.w.org\/{rel}","templated":true}]}}