{"id":954,"date":"2014-02-17T14:34:49","date_gmt":"2014-02-17T13:34:49","guid":{"rendered":"http:\/\/zsjarosovnn.cz\/?page_id=954"},"modified":"2026-03-30T07:19:07","modified_gmt":"2026-03-30T06:19:07","slug":"jidelnicky","status":"publish","type":"page","link":"https:\/\/zsjarosovnn.cz\/?page_id=954","title":{"rendered":"J\u00eddeln\u00ed\u010dky &#8211; duben 2026"},"content":{"rendered":"<p><a href=\"http:\/\/zsjarosovnn.cz\/wp-content\/uploads\/2026\/03\/Jidelnicek-ZS-od-30.-3.-do-3.-4.-2026.pdf\">J\u00eddeln\u00ed\u010dek Z\u0160 &#8211; od 30. 3. do 3. 4. 2026<\/a><\/p>\n<p><a href=\"http:\/\/zsjarosovnn.cz\/wp-content\/uploads\/2026\/03\/Jidelnicek-ZS-od-13.-4.-do-24.-4.-2026.pdf\">J\u00eddeln\u00ed\u010dek Z\u0160 &#8211; od 13. 4. do 24. 4. 2026<\/a><\/p>\n<p>&nbsp;<\/p>\n<p><a href=\"http:\/\/zsjarosovnn.cz\/wp-content\/uploads\/2026\/03\/Jidelnicek-MS-od-6.-4.-do-10.-4.-2026.pdf\">J\u00eddeln\u00ed\u010dek M\u0160 &#8211; od 6. 4. do 10. 4. 2026<\/a><\/p>\n<p><a href=\"http:\/\/zsjarosovnn.cz\/wp-content\/uploads\/2026\/03\/Jidelnicek-MS-od-13.-4.-do-17.-4.-2026.pdf\">J\u00eddeln\u00ed\u010dek M\u0160 &#8211; od 13. 4. do 17. 4. 2026<\/a>&nbsp;<\/p>\n<p><a href=\"http:\/\/zsjarosovnn.cz\/wp-content\/uploads\/2026\/03\/Jidelnicek-MS-od-20.-4.-do-24.-4.-2026.pdf\">J\u00eddeln\u00ed\u010dek M\u0160 &#8211; od 20. 4. do 24. 4. 2026<\/a>&nbsp;<\/p>\n<p>&nbsp;<\/p>\n","protected":false},"excerpt":{"rendered":"<p>J\u00eddeln\u00ed\u010dek Z\u0160 &#8211; od 30. 3. do 3. 4. 2026 J\u00eddeln\u00ed\u010dek Z\u0160 &#8211; od 13. 4. do 24. 4. 2026 &nbsp; J\u00eddeln\u00ed\u010dek M\u0160 &#8211; od 6. 4. do 10. 4. 2026 J\u00eddeln\u00ed\u010dek M\u0160 &#8211; od 13. 4. do 17. 4. 2026&nbsp; J\u00eddeln\u00ed\u010dek M\u0160 &#8211; od 20. 4. do 24. 4. 2026&nbsp; &nbsp;<\/p>\n","protected":false},"author":2,"featured_media":0,"parent":149,"menu_order":0,"comment_status":"closed","ping_status":"closed","template":"","meta":{"ngg_post_thumbnail":0},"_links":{"self":[{"href":"https:\/\/zsjarosovnn.cz\/index.php?rest_route=\/wp\/v2\/pages\/954"}],"collection":[{"href":"https:\/\/zsjarosovnn.cz\/index.php?rest_route=\/wp\/v2\/pages"}],"about":[{"href":"https:\/\/zsjarosovnn.cz\/index.php?rest_route=\/wp\/v2\/types\/page"}],"author":[{"embeddable":true,"href":"https:\/\/zsjarosovnn.cz\/index.php?rest_route=\/wp\/v2\/users\/2"}],"replies":[{"embeddable":true,"href":"https:\/\/zsjarosovnn.cz\/index.php?rest_route=%2Fwp%2Fv2%2Fcomments&post=954"}],"version-history":[{"count":363,"href":"https:\/\/zsjarosovnn.cz\/index.php?rest_route=\/wp\/v2\/pages\/954\/revisions"}],"predecessor-version":[{"id":61326,"href":"https:\/\/zsjarosovnn.cz\/index.php?rest_route=\/wp\/v2\/pages\/954\/revisions\/61326"}],"up":[{"embeddable":true,"href":"https:\/\/zsjarosovnn.cz\/index.php?rest_route=\/wp\/v2\/pages\/149"}],"wp:attachment":[{"href":"https:\/\/zsjarosovnn.cz\/index.php?rest_route=%2Fwp%2Fv2%2Fmedia&parent=954"}],"curies":[{"name":"wp","href":"https:\/\/api.w.org\/{rel}","templated":true}]}}