{"id":966,"date":"2014-02-18T21:16:36","date_gmt":"2014-02-18T20:16:36","guid":{"rendered":"http:\/\/zsjarosovnn.cz\/?page_id=966"},"modified":"2014-02-20T22:41:32","modified_gmt":"2014-02-20T21:41:32","slug":"matematika","status":"publish","type":"page","link":"https:\/\/zsjarosovnn.cz\/?page_id=966","title":{"rendered":"Matematika DUM"},"content":{"rendered":"<p><a href=\"http:\/\/zsjarosovnn.cz\/wp-content\/uploads\/2014\/02\/Zlomky.pdf\">Zlomky<\/a><\/p>\n<p><a href=\"http:\/\/zsjarosovnn.cz\/wp-content\/uploads\/2014\/02\/Zlomky-slovn\u00ed-\u00falohy.pdf\">Zlomky &#8211; slovn\u00ed \u00falohy<\/a><\/p>\n<p><a href=\"http:\/\/zsjarosovnn.cz\/wp-content\/uploads\/2014\/02\/Ze-zv\u00ed\u0159ec\u00ed-\u0159\u00ed\u0161e.pdf\">Ze zv\u00ed\u0159ec\u00ed \u0159\u00ed\u0161e<\/a><\/p>\n<p><a href=\"http:\/\/zsjarosovnn.cz\/wp-content\/uploads\/2014\/02\/V\u00fdhodn\u00fd-n\u00e1kup-magick\u00e9-\u010dtverce.pdf\">V\u00fdhodn\u00fd n\u00e1kup, magick\u00e9 \u010dtverce<\/a><\/p>\n<p><a href=\"http:\/\/zsjarosovnn.cz\/wp-content\/uploads\/2014\/02\/Sportovn\u00ed-\u0161kola.pdf\">Sportovn\u00ed \u0161kola<\/a><\/p>\n<p><a href=\"http:\/\/zsjarosovnn.cz\/wp-content\/uploads\/2014\/02\/Slovn\u00ed-\u00falohy.pdf\">Slovn\u00ed \u00falohy<\/a><\/p>\n<p><a href=\"http:\/\/zsjarosovnn.cz\/wp-content\/uploads\/2014\/02\/Pr\u016fm\u011br.pdf\">Pr\u016fm\u011br<\/a><\/p>\n<p><a href=\"http:\/\/zsjarosovnn.cz\/wp-content\/uploads\/2014\/02\/Po\u010d\u00edt\u00e1n\u00ed-o-\u0161kole-sl.-\u00falohy-3.-4.-ro\u010d..pdf\">Po\u010d\u00edt\u00e1n\u00ed o \u0161kole &#8211; sl. \u00falohy 3., 4. ro\u010d.)<\/a><\/p>\n<p><a href=\"http:\/\/zsjarosovnn.cz\/wp-content\/uploads\/2014\/02\/PO\u010c\u00cdT\u00c1ME-S-OSMI\u010cKOU.pdf\">PO\u010c\u00cdT\u00c1ME S OSMI\u010cKOU<\/a><\/p>\n<p><a href=\"http:\/\/zsjarosovnn.cz\/wp-content\/uploads\/2014\/02\/Opakov\u00e1n\u00ed-u\u010diva-3.-ro\u010dn\u00edku.pdf\">Opakov\u00e1n\u00ed u\u010diva 3. ro\u010dn\u00edku<\/a><\/p>\n<p><a href=\"http:\/\/zsjarosovnn.cz\/wp-content\/uploads\/2014\/02\/Obsah-obvod.pdf\">Obsah, obvod<\/a><\/p>\n<p><a href=\"http:\/\/zsjarosovnn.cz\/wp-content\/uploads\/2014\/02\/Obsah-obd\u00e9ln\u00edku.pdf\">Obsah obd\u00e9ln\u00edku<\/a><\/p>\n<p><a href=\"http:\/\/zsjarosovnn.cz\/wp-content\/uploads\/2014\/02\/Nestandartn\u00ed-\u00falohy.pdf\">Nestandartn\u00ed \u00falohy<\/a><\/p>\n<p><a href=\"http:\/\/zsjarosovnn.cz\/wp-content\/uploads\/2014\/02\/Na-na\u0161\u00ed-zahr\u00e1dce-sl.-\u00falohy-3.-ro\u010d..pdf\">Na na\u0161\u00ed zahr\u00e1dce- sl. \u00falohy 3. ro\u010d.<\/a><\/p>\n<p><a href=\"http:\/\/zsjarosovnn.cz\/wp-content\/uploads\/2014\/02\/Hmotnost.pdf\">Hmotnost<\/a> <a href=\"http:\/\/zsjarosovnn.cz\/wp-content\/uploads\/2014\/02\/DESETINN\u00c1-\u010c\u00cdSLA.pdf\">DESETINN\u00c1 \u010c\u00cdSLA<\/a><\/p>\n<p><a href=\"http:\/\/zsjarosovnn.cz\/wp-content\/uploads\/2014\/02\/Desetinn\u00e1-\u010d\u00edsla-slovn\u00ed-\u00falohy.pdf\">Desetinn\u00e1 \u010d\u00edsla &#8211; slovn\u00ed \u00falohy<\/a><\/p>\n<p><a href=\"http:\/\/zsjarosovnn.cz\/wp-content\/uploads\/2014\/02\/ARITMETICK\u00dd-PR\u016eM\u011aR.pdf\">ARITMETICK\u00dd PR\u016eM\u011aR<\/a><\/p>\n","protected":false},"excerpt":{"rendered":"<p>Zlomky Zlomky &#8211; slovn\u00ed \u00falohy Ze zv\u00ed\u0159ec\u00ed \u0159\u00ed\u0161e V\u00fdhodn\u00fd n\u00e1kup, magick\u00e9 \u010dtverce Sportovn\u00ed \u0161kola Slovn\u00ed \u00falohy Pr\u016fm\u011br Po\u010d\u00edt\u00e1n\u00ed o \u0161kole &#8211; sl. \u00falohy 3., 4. ro\u010d.) PO\u010c\u00cdT\u00c1ME S OSMI\u010cKOU Opakov\u00e1n\u00ed u\u010diva 3. ro\u010dn\u00edku Obsah, obvod Obsah obd\u00e9ln\u00edku Nestandartn\u00ed \u00falohy Na na\u0161\u00ed zahr\u00e1dce- sl. \u00falohy 3. ro\u010d. Hmotnost DESETINN\u00c1 \u010c\u00cdSLA Desetinn\u00e1 \u010d\u00edsla &#8211; slovn\u00ed \u00falohy ARITMETICK\u00dd<span class=\"more-excerpt\"><a class=\"more-excerpt-link\" href=\"https:\/\/zsjarosovnn.cz\/?page_id=966\"> (continue reading&#8230;)  <\/a><\/span><\/p>\n","protected":false},"author":2,"featured_media":0,"parent":110,"menu_order":1,"comment_status":"closed","ping_status":"closed","template":"","meta":{"ngg_post_thumbnail":0},"_links":{"self":[{"href":"https:\/\/zsjarosovnn.cz\/index.php?rest_route=\/wp\/v2\/pages\/966"}],"collection":[{"href":"https:\/\/zsjarosovnn.cz\/index.php?rest_route=\/wp\/v2\/pages"}],"about":[{"href":"https:\/\/zsjarosovnn.cz\/index.php?rest_route=\/wp\/v2\/types\/page"}],"author":[{"embeddable":true,"href":"https:\/\/zsjarosovnn.cz\/index.php?rest_route=\/wp\/v2\/users\/2"}],"replies":[{"embeddable":true,"href":"https:\/\/zsjarosovnn.cz\/index.php?rest_route=%2Fwp%2Fv2%2Fcomments&post=966"}],"version-history":[{"count":4,"href":"https:\/\/zsjarosovnn.cz\/index.php?rest_route=\/wp\/v2\/pages\/966\/revisions"}],"predecessor-version":[{"id":1049,"href":"https:\/\/zsjarosovnn.cz\/index.php?rest_route=\/wp\/v2\/pages\/966\/revisions\/1049"}],"up":[{"embeddable":true,"href":"https:\/\/zsjarosovnn.cz\/index.php?rest_route=\/wp\/v2\/pages\/110"}],"wp:attachment":[{"href":"https:\/\/zsjarosovnn.cz\/index.php?rest_route=%2Fwp%2Fv2%2Fmedia&parent=966"}],"curies":[{"name":"wp","href":"https:\/\/api.w.org\/{rel}","templated":true}]}}